{"id":44,"date":"2020-06-17T18:07:45","date_gmt":"2020-06-17T18:07:45","guid":{"rendered":"http:\/\/pgdu.de\/?page_id=44"},"modified":"2023-08-23T08:57:30","modified_gmt":"2023-08-23T08:57:30","slug":"freundeskreis","status":"publish","type":"page","link":"https:\/\/pgdu.de\/?page_id=44","title":{"rendered":"Freundeskreis"},"content":{"rendered":"<div class=\"wp-block-image\">\n<figure class=\"aligncenter size-large is-resized\"><img loading=\"lazy\" decoding=\"async\" src=\"https:\/\/pgdu.de\/wp-content\/uploads\/2020\/06\/FK_Logo.png\" alt=\"\" class=\"wp-image-47\" style=\"width:250px;height:250px\" width=\"250\" height=\"250\" srcset=\"https:\/\/pgdu.de\/wp-content\/uploads\/2020\/06\/FK_Logo.png 3543w, https:\/\/pgdu.de\/wp-content\/uploads\/2020\/06\/FK_Logo-300x300.png 300w, https:\/\/pgdu.de\/wp-content\/uploads\/2020\/06\/FK_Logo-150x150.png 150w, https:\/\/pgdu.de\/wp-content\/uploads\/2020\/06\/FK_Logo-768x768.png 768w, https:\/\/pgdu.de\/wp-content\/uploads\/2020\/06\/FK_Logo-1536x1536.png 1536w, https:\/\/pgdu.de\/wp-content\/uploads\/2020\/06\/FK_Logo-2048x2048.png 2048w, https:\/\/pgdu.de\/wp-content\/uploads\/2020\/06\/FK_Logo-676x676.png 676w\" sizes=\"auto, (max-width: 250px) 100vw, 250px\" \/><\/figure>\n<\/div>\n\n\n<p>Der Freundeskreis soll interessierten MSV-Fans n\u00e4here und aktuelle Infos zur Fanszene und zur Gruppe liefern. Hierbei bietet der Freundeskreis nicht nur eine finanzielle Unterst\u00fctzung unserer Arbeit, sondern soll haupts\u00e4chlich den Kerngedanken unserer Gruppe, zumindest in gro\u00dfen Teilen, vermitteln. Jeder bekommt die M\u00f6glichkeit, an verschiedenen Themen mitzuarbeiten und unser Umfeld mitzupr\u00e4gen. Wer sich hier mit Engagement, Interesse und der n\u00f6tigen Intelligenz herauskristallisiert, dem wird die Mitgliedschaft der PGDU mit Probezeit angeboten. Diejenigen bekommen den erarbeiteten Vertrauensvorschuss und werden relativ nah an die Gruppe gebunden, sodass auch h\u00f6here Aufgaben \u00fcbernommen werden k\u00f6nnen. Des Weiteren k\u00f6nnte dies dann das \u201eSprungbrett\u201c zur Mitgliedschaft der PGDU sein. <br><br>Mitglieder des Freundeskreises erhalten regelm\u00e4\u00dfig ausf\u00fchrliche Nachrichten, um \u00fcber alles Relevante rund um Szene und Gruppe informiert zu werden. <br>Neue FK-Mitglieder geh\u00f6ren als erstes dem \u201epassiven Freundeskreis\u201c an. Hier kann jeder beitreten, der an der Subkultur Ultra interessiert ist und unseren Verein noch mehr unterst\u00fctzen will, als nur mit dem normalen Stadionbesuch. Daf\u00fcr gibt es zun\u00e4chst keine Verpflichtungen, bis auf einen Jahresbeitrag von 20\u20ac. Solltet ihr Mitglied beim MSV sein, f\u00e4llt dieser Beitrag weg. Wenn ihr euch in der Gruppe engagiert und regelm\u00e4\u00dfig zu den Spielen kommt, k\u00f6nnt ihr nach etwas Zeit in den \u201enormalen\u201c Freundeskreis hochgezogen werden, wo ihr dann noch andere Privilegien genie\u00dfen d\u00fcrft, wie z.B. bei Ausw\u00e4rtsspielen bei uns im Bus mitzufahren. Die Reisefreudigen unter den \u201cFreundeskreislern\u201d werden bei Ausw\u00e4rtstouren bez\u00fcglich Buspl\u00e4tze priorisierend ber\u00fccksichtigt. Zus\u00e4tzlich gibt es f\u00fcr bestimmte Spiele nach Anmeldung gesicherte Karten und Einladungen zu ausgesuchten Szeneveranstaltungen. <br>Wir bieten uns als Ansprechpartner an und versuchen das Prinzip bzw. den Gedanken unserer solidarischen Gemeinschaft an unser Umfeld weiterzugeben.\u00a0 <br><br>Falls euer Interesse geweckt wurde, sprecht uns am besten am oder im Stadion an, um euch \u00fcber die weiteren Vorteile zu informieren! Alternativ k\u00f6nnt ihr euch per E-Mail bei uns melden.<br><br> E-Mail an\u00a0<a rel=\"noreferrer noopener\" href=\"mailto:info@pgdu.de\" target=\"_blank\">info@pgdu.de<\/a> <br>Wir freuen uns \u00fcber Zuwachs!<\/p>\n","protected":false},"excerpt":{"rendered":"<p>Der Freundeskreis soll interessierten MSV-Fans n\u00e4here und aktuelle Infos zur Fanszene und zur Gruppe liefern. Hierbei bietet der Freundeskreis nicht nur eine finanzielle Unterst\u00fctzung unserer Arbeit, sondern soll haupts\u00e4chlich den Kerngedanken unserer Gruppe, zumindest in gro\u00dfen Teilen, vermitteln. Jeder bekommt die M\u00f6glichkeit, an verschiedenen Themen mitzuarbeiten und unser Umfeld mitzupr\u00e4gen. Wer sich hier mit Engagement, [&hellip;]<\/p>\n","protected":false},"author":1,"featured_media":0,"parent":0,"menu_order":0,"comment_status":"closed","ping_status":"closed","template":"","meta":{"ngg_post_thumbnail":0,"footnotes":""},"class_list":["post-44","page","type-page","status-publish","hentry","post-preview"],"_links":{"self":[{"href":"https:\/\/pgdu.de\/index.php?rest_route=\/wp\/v2\/pages\/44","targetHints":{"allow":["GET"]}}],"collection":[{"href":"https:\/\/pgdu.de\/index.php?rest_route=\/wp\/v2\/pages"}],"about":[{"href":"https:\/\/pgdu.de\/index.php?rest_route=\/wp\/v2\/types\/page"}],"author":[{"embeddable":true,"href":"https:\/\/pgdu.de\/index.php?rest_route=\/wp\/v2\/users\/1"}],"replies":[{"embeddable":true,"href":"https:\/\/pgdu.de\/index.php?rest_route=%2Fwp%2Fv2%2Fcomments&post=44"}],"version-history":[{"count":5,"href":"https:\/\/pgdu.de\/index.php?rest_route=\/wp\/v2\/pages\/44\/revisions"}],"predecessor-version":[{"id":1138,"href":"https:\/\/pgdu.de\/index.php?rest_route=\/wp\/v2\/pages\/44\/revisions\/1138"}],"wp:attachment":[{"href":"https:\/\/pgdu.de\/index.php?rest_route=%2Fwp%2Fv2%2Fmedia&parent=44"}],"curies":[{"name":"wp","href":"https:\/\/api.w.org\/{rel}","templated":true}]}}